{"id":1287,"date":"2024-10-14T15:01:37","date_gmt":"2024-10-14T12:01:37","guid":{"rendered":"https:\/\/interspace.ee\/wordpress\/home\/"},"modified":"2026-04-06T19:14:13","modified_gmt":"2026-04-06T16:14:13","slug":"faqs-2","status":"publish","type":"page","link":"https:\/\/interspace.ee\/wordpress\/","title":{"rendered":"Saame tuttavaks"},"content":{"rendered":"\t\t<div data-elementor-type=\"wp-page\" data-elementor-id=\"1287\" class=\"elementor elementor-1287\">\n\t\t\t\t<div class=\"elementor-element elementor-element-3e469b3 e-flex e-con-boxed e-con e-parent\" data-id=\"3e469b3\" data-element_type=\"container\" data-e-type=\"container\" data-settings=\"{&quot;background_background&quot;:&quot;classic&quot;}\">\n\t\t\t\t\t<div class=\"e-con-inner\">\n\t\t<div class=\"elementor-element elementor-element-9c2ff8c e-con-full e-flex e-con e-child\" data-id=\"9c2ff8c\" data-element_type=\"container\" data-e-type=\"container\">\n\t\t<div class=\"elementor-element elementor-element-988efc7 e-con-full e-flex e-con e-child\" data-id=\"988efc7\" data-element_type=\"container\" data-e-type=\"container\">\n\t\t<div class=\"elementor-element elementor-element-657e7ac e-con-full e-flex e-con e-child\" data-id=\"657e7ac\" data-element_type=\"container\" data-e-type=\"container\">\n\t\t\t\t<div class=\"elementor-element elementor-element-ed847aa exad-sticky-section-no exad-glass-effect-no elementor-widget elementor-widget-heading\" data-id=\"ed847aa\" data-element_type=\"widget\" data-e-type=\"widget\" data-widget_type=\"heading.default\">\n\t\t\t\t<div class=\"elementor-widget-container\">\n\t\t\t\t\t<h1 class=\"elementor-heading-title elementor-size-default\">Disainiteenused<\/h1>\t\t\t\t<\/div>\n\t\t\t\t<\/div>\n\t\t\t\t<div class=\"elementor-element elementor-element-e181c5a exad-sticky-section-no exad-glass-effect-no elementor-widget elementor-widget-text-editor\" data-id=\"e181c5a\" data-element_type=\"widget\" data-e-type=\"widget\" data-widget_type=\"text-editor.default\">\n\t\t\t\t<div class=\"elementor-widget-container\">\n\t\t\t\t\t\t\t\t\t<p>Interspace O\u00dc on mikroettev\u00f5te, mida esindab disainer ja ehtekunstnik Katrin P\u00f5dra, kes tegeleb graafilise disaini, tr\u00fckiettevalmistuse ja k\u00fcljendamisega, omades selles valdkonnas juba \u00fcle 30-aastast t\u00f6\u00f6kogemust.\u00a0<\/p>\t\t\t\t\t\t\t\t<\/div>\n\t\t\t\t<\/div>\n\t\t\t\t<\/div>\n\t\t\t\t<\/div>\n\t\t<div class=\"elementor-element elementor-element-63b63be e-con-full e-flex e-con e-child\" data-id=\"63b63be\" data-element_type=\"container\" data-e-type=\"container\">\n\t\t<div class=\"elementor-element elementor-element-77a12d1 e-con-full e-flex e-con e-child\" data-id=\"77a12d1\" data-element_type=\"container\" data-e-type=\"container\" data-settings=\"{&quot;background_background&quot;:&quot;classic&quot;}\">\n\t\t\t\t<div class=\"elementor-element elementor-element-067ea5d exad-sticky-section-no exad-glass-effect-no elementor-widget elementor-widget-heading\" data-id=\"067ea5d\" data-element_type=\"widget\" data-e-type=\"widget\" data-widget_type=\"heading.default\">\n\t\t\t\t<div class=\"elementor-widget-container\">\n\t\t\t\t\t<h5 class=\"elementor-heading-title elementor-size-default\">Kirjuta meile<\/h5>\t\t\t\t<\/div>\n\t\t\t\t<\/div>\n\t\t\t\t<div class=\"elementor-element elementor-element-851739e exad-sticky-section-no exad-glass-effect-no elementor-widget elementor-widget-heading\" data-id=\"851739e\" data-element_type=\"widget\" data-e-type=\"widget\" data-widget_type=\"heading.default\">\n\t\t\t\t<div class=\"elementor-widget-container\">\n\t\t\t\t\t<h3 class=\"elementor-heading-title elementor-size-default\">info@interspace.ee<\/h3>\t\t\t\t<\/div>\n\t\t\t\t<\/div>\n\t\t\t\t<\/div>\n\t\t\t\t<\/div>\n\t\t\t\t<\/div>\n\t\t\t\t\t<\/div>\n\t\t\t\t<\/div>\n\t\t<div class=\"elementor-element elementor-element-6b90b55 e-flex e-con-boxed e-con e-parent\" data-id=\"6b90b55\" data-element_type=\"container\" data-e-type=\"container\" data-settings=\"{&quot;background_background&quot;:&quot;classic&quot;}\">\n\t\t\t\t\t<div class=\"e-con-inner\">\n\t\t<div class=\"elementor-element elementor-element-3853d39 e-con-full e-flex e-con e-child\" data-id=\"3853d39\" data-element_type=\"container\" data-e-type=\"container\" data-settings=\"{&quot;background_background&quot;:&quot;classic&quot;}\">\n\t\t\t\t<div class=\"elementor-element elementor-element-6e4bc49 exad-sticky-section-no exad-glass-effect-no elementor-widget elementor-widget-text-editor\" data-id=\"6e4bc49\" data-element_type=\"widget\" data-e-type=\"widget\" data-widget_type=\"text-editor.default\">\n\t\t\t\t<div class=\"elementor-widget-container\">\n\t\t\t\t\t\t\t\t\t<p>Interspace O\u00dc on pikaajalise kogemusega ettev\u00f5te, mis on tegutsenud graafilise disaini, k\u00fcljendamise ja tr\u00fckiettevalmistuse valdkonnas juba \u00fcle 20 aasta.<\/p><p>Pakun terviklikke disainilahendusi, mis ulatuvad ideede v\u00e4ljat\u00f6\u00f6tamisest kuni tr\u00fckivalmis materjalideni. Tehtud t\u00f6\u00f6de hulka kuuluvad nii bro\u0161\u00fc\u00fcrid, visiitkaardid, pakendid kui ka erinevad reklaammaterjalid \u2013 alati eesm\u00e4rgiga luua visuaalselt selge ja kvaliteetne tulemus nii tr\u00fcki- kui digikeskkonnas.<\/p><p>Viimastel aastatel olen laiendanud oma teenuste valikut ka veebilahenduste suunas, pakkudes WordPressi platvormil kodulehti, mis on loodud eelk\u00f5ige mikroettev\u00f5tjate ja v\u00e4iksemate ettev\u00f5tete vajadusi silmas pidades. Minu eesm\u00e4rk on luua kasutajas\u00f5bralikke ja mobiilis h\u00e4sti toimivaid veebilehti, mis aitavad Sinu ettev\u00f5ttel n\u00e4htavaks saada.<\/p><p>Lisaks disainit\u00f6\u00f6le on Interspace O\u00dc tegevus laienenud ka ehteloomingu valdkonda. P\u00f5ltsamaa lossis alustab 2026. aasta maikuust tegevust Katrin P\u00f5dra stuudio-galerii, kus valmivad k\u00e4sit\u00f6\u00f6na unikaalsed ehted ning kus on v\u00f5imalik tutvuda loominguga vahetult selle s\u00fcnnipaigas.<\/p><p>Kui otsid usaldusv\u00e4\u00e4rset partnerit disaini-, veebi- v\u00f5i loomet\u00f6\u00f6de valdkonnas, oled oodatud \u00fchendust v\u00f5tma.<\/p>\t\t\t\t\t\t\t\t<\/div>\n\t\t\t\t<\/div>\n\t\t\t\t<\/div>\n\t\t<div class=\"elementor-element elementor-element-87ec764 e-con-full elementor-hidden-mobile elementor-hidden-tablet e-flex e-con e-child\" data-id=\"87ec764\" data-element_type=\"container\" data-e-type=\"container\" data-settings=\"{&quot;background_background&quot;:&quot;classic&quot;}\">\n\t\t\t\t<\/div>\n\t\t\t\t\t<\/div>\n\t\t\t\t<\/div>\n\t\t\t\t<\/div>\n\t\t","protected":false},"excerpt":{"rendered":"<p>Disainiteenused Interspace O\u00dc on mikroettev\u00f5te, mida esindab disainer ja ehtekunstnik Katrin P\u00f5dra, kes tegeleb graafilise disaini, tr\u00fckiettevalmistuse ja k\u00fcljendamisega, omades selles valdkonnas juba \u00fcle 30-aastast t\u00f6\u00f6kogemust. Kirjuta meile info@interspace.ee Interspace O\u00dc on pikaajalise kogemusega ettev\u00f5te, mis on tegutsenud graafilise disaini, k\u00fcljendamise ja tr\u00fckiettevalmistuse valdkonnas juba \u00fcle 20 aasta. Pakun terviklikke disainilahendusi, mis ulatuvad ideede v\u00e4ljat\u00f6\u00f6tamisest [&hellip;]<\/p>\n","protected":false},"author":1,"featured_media":0,"parent":0,"menu_order":0,"comment_status":"closed","ping_status":"closed","template":"","meta":{"site-sidebar-layout":"default","site-content-layout":"page-builder","ast-site-content-layout":"full-width-container","site-content-style":"unboxed","site-sidebar-style":"unboxed","ast-global-header-display":"","ast-banner-title-visibility":"","ast-main-header-display":"","ast-hfb-above-header-display":"","ast-hfb-below-header-display":"","ast-hfb-mobile-header-display":"","site-post-title":"disabled","ast-breadcrumbs-content":"","ast-featured-img":"disabled","footer-sml-layout":"","ast-disable-related-posts":"","theme-transparent-header-meta":"enabled","adv-header-id-meta":"","stick-header-meta":"","header-above-stick-meta":"","header-main-stick-meta":"","header-below-stick-meta":"","astra-migrate-meta-layouts":"set","ast-page-background-enabled":"default","ast-page-background-meta":{"desktop":{"background-color":"","background-image":"","background-repeat":"repeat","background-position":"center center","background-size":"auto","background-attachment":"scroll","background-type":"","background-media":"","overlay-type":"","overlay-color":"","overlay-opacity":"","overlay-gradient":""},"tablet":{"background-color":"","background-image":"","background-repeat":"repeat","background-position":"center center","background-size":"auto","background-attachment":"scroll","background-type":"","background-media":"","overlay-type":"","overlay-color":"","overlay-opacity":"","overlay-gradient":""},"mobile":{"background-color":"","background-image":"","background-repeat":"repeat","background-position":"center center","background-size":"auto","background-attachment":"scroll","background-type":"","background-media":"","overlay-type":"","overlay-color":"","overlay-opacity":"","overlay-gradient":""}},"ast-content-background-meta":{"desktop":{"background-color":"var(--ast-global-color-5)","background-image":"","background-repeat":"repeat","background-position":"center center","background-size":"auto","background-attachment":"scroll","background-type":"","background-media":"","overlay-type":"","overlay-color":"","overlay-opacity":"","overlay-gradient":""},"tablet":{"background-color":"var(--ast-global-color-5)","background-image":"","background-repeat":"repeat","background-position":"center center","background-size":"auto","background-attachment":"scroll","background-type":"","background-media":"","overlay-type":"","overlay-color":"","overlay-opacity":"","overlay-gradient":""},"mobile":{"background-color":"var(--ast-global-color-5)","background-image":"","background-repeat":"repeat","background-position":"center center","background-size":"auto","background-attachment":"scroll","background-type":"","background-media":"","overlay-type":"","overlay-color":"","overlay-opacity":"","overlay-gradient":""}},"footnotes":""},"class_list":["post-1287","page","type-page","status-publish","hentry"],"_links":{"self":[{"href":"https:\/\/interspace.ee\/wordpress\/wp-json\/wp\/v2\/pages\/1287","targetHints":{"allow":["GET"]}}],"collection":[{"href":"https:\/\/interspace.ee\/wordpress\/wp-json\/wp\/v2\/pages"}],"about":[{"href":"https:\/\/interspace.ee\/wordpress\/wp-json\/wp\/v2\/types\/page"}],"author":[{"embeddable":true,"href":"https:\/\/interspace.ee\/wordpress\/wp-json\/wp\/v2\/users\/1"}],"replies":[{"embeddable":true,"href":"https:\/\/interspace.ee\/wordpress\/wp-json\/wp\/v2\/comments?post=1287"}],"version-history":[{"count":126,"href":"https:\/\/interspace.ee\/wordpress\/wp-json\/wp\/v2\/pages\/1287\/revisions"}],"predecessor-version":[{"id":1640,"href":"https:\/\/interspace.ee\/wordpress\/wp-json\/wp\/v2\/pages\/1287\/revisions\/1640"}],"wp:attachment":[{"href":"https:\/\/interspace.ee\/wordpress\/wp-json\/wp\/v2\/media?parent=1287"}],"curies":[{"name":"wp","href":"https:\/\/api.w.org\/{rel}","templated":true}]}}