{"id":1289,"date":"2024-10-14T15:01:37","date_gmt":"2024-10-14T12:01:37","guid":{"rendered":"https:\/\/interspace.ee\/wordpress\/services\/"},"modified":"2026-04-06T19:28:01","modified_gmt":"2026-04-06T16:28:01","slug":"teenused","status":"publish","type":"page","link":"https:\/\/interspace.ee\/wordpress\/teenused\/","title":{"rendered":"Teenused"},"content":{"rendered":"\t\t<div data-elementor-type=\"wp-post\" data-elementor-id=\"1289\" class=\"elementor elementor-1289\">\n\t\t\t\t<div class=\"elementor-element elementor-element-8506599 e-flex e-con-boxed e-con e-parent\" data-id=\"8506599\" data-element_type=\"container\" data-e-type=\"container\" data-settings=\"{&quot;background_background&quot;:&quot;classic&quot;}\">\n\t\t\t\t\t<div class=\"e-con-inner\">\n\t\t<div class=\"elementor-element elementor-element-526a7bf e-con-full e-flex e-con e-child\" data-id=\"526a7bf\" data-element_type=\"container\" data-e-type=\"container\">\n\t\t<div class=\"elementor-element elementor-element-f55b0c4 e-con-full e-flex e-con e-child\" data-id=\"f55b0c4\" data-element_type=\"container\" data-e-type=\"container\">\n\t\t<div class=\"elementor-element elementor-element-3d4d4f3 e-con-full e-flex e-con e-child\" data-id=\"3d4d4f3\" data-element_type=\"container\" data-e-type=\"container\">\n\t\t\t\t<div class=\"elementor-element elementor-element-49a17d0 exad-sticky-section-no exad-glass-effect-no elementor-widget elementor-widget-heading\" data-id=\"49a17d0\" data-element_type=\"widget\" data-e-type=\"widget\" data-widget_type=\"heading.default\">\n\t\t\t\t<div class=\"elementor-widget-container\">\n\t\t\t\t\t<h1 class=\"elementor-heading-title elementor-size-default\">Teenused<\/h1>\t\t\t\t<\/div>\n\t\t\t\t<\/div>\n\t\t\t\t<\/div>\n\t\t\t\t<\/div>\n\t\t<div class=\"elementor-element elementor-element-5b2f425 e-con-full e-flex e-con e-child\" data-id=\"5b2f425\" data-element_type=\"container\" data-e-type=\"container\">\n\t\t<div class=\"elementor-element elementor-element-ab168d7 e-con-full e-flex e-con e-child\" data-id=\"ab168d7\" data-element_type=\"container\" data-e-type=\"container\" data-settings=\"{&quot;background_background&quot;:&quot;classic&quot;}\">\n\t\t\t\t<div class=\"elementor-element elementor-element-465d516 exad-sticky-section-no exad-glass-effect-no elementor-widget elementor-widget-heading\" data-id=\"465d516\" data-element_type=\"widget\" data-e-type=\"widget\" data-widget_type=\"heading.default\">\n\t\t\t\t<div class=\"elementor-widget-container\">\n\t\t\t\t\t<h5 class=\"elementor-heading-title elementor-size-default\">Kirjuta meile<\/h5>\t\t\t\t<\/div>\n\t\t\t\t<\/div>\n\t\t\t\t<div class=\"elementor-element elementor-element-5d39f76 exad-sticky-section-no exad-glass-effect-no elementor-widget elementor-widget-heading\" data-id=\"5d39f76\" data-element_type=\"widget\" data-e-type=\"widget\" data-widget_type=\"heading.default\">\n\t\t\t\t<div class=\"elementor-widget-container\">\n\t\t\t\t\t<h3 class=\"elementor-heading-title elementor-size-default\">info@interspace.ee<\/h3>\t\t\t\t<\/div>\n\t\t\t\t<\/div>\n\t\t\t\t<\/div>\n\t\t\t\t<\/div>\n\t\t\t\t<\/div>\n\t\t\t\t\t<\/div>\n\t\t\t\t<\/div>\n\t\t<div class=\"elementor-element elementor-element-470b075 e-flex e-con-boxed e-con e-parent\" data-id=\"470b075\" data-element_type=\"container\" data-e-type=\"container\">\n\t\t\t\t\t<div class=\"e-con-inner\">\n\t\t<div class=\"elementor-element elementor-element-db96234 e-con-full e-flex e-con e-child\" data-id=\"db96234\" data-element_type=\"container\" data-e-type=\"container\">\n\t\t<div class=\"elementor-element elementor-element-33b3043 e-con-full e-flex e-con e-child\" data-id=\"33b3043\" data-element_type=\"container\" data-e-type=\"container\">\n\t\t<div class=\"elementor-element elementor-element-1c95a4e e-con-full e-flex e-con e-child\" data-id=\"1c95a4e\" data-element_type=\"container\" data-e-type=\"container\">\n\t\t<div class=\"elementor-element elementor-element-727b184 e-con-full e-flex e-con e-child\" data-id=\"727b184\" data-element_type=\"container\" data-e-type=\"container\">\n\t\t<div class=\"elementor-element elementor-element-da61bea e-con-full e-flex e-con e-child\" data-id=\"da61bea\" data-element_type=\"container\" data-e-type=\"container\">\n\t\t\t\t<div class=\"elementor-element elementor-element-00eaf63 exad-sticky-section-no exad-glass-effect-no elementor-widget elementor-widget-image\" data-id=\"00eaf63\" data-element_type=\"widget\" data-e-type=\"widget\" data-widget_type=\"image.default\">\n\t\t\t\t<div class=\"elementor-widget-container\">\n\t\t\t\t\t\t\t\t\t\t\t\t\t\t\t<img fetchpriority=\"high\" decoding=\"async\" width=\"380\" height=\"254\" src=\"https:\/\/interspace.ee\/wordpress\/wp-content\/uploads\/2024\/10\/Foto_teenus1.jpg\" class=\"attachment-full size-full wp-image-1353\" alt=\"\" srcset=\"https:\/\/interspace.ee\/wordpress\/wp-content\/uploads\/2024\/10\/Foto_teenus1.jpg 380w, https:\/\/interspace.ee\/wordpress\/wp-content\/uploads\/2024\/10\/Foto_teenus1-300x201.jpg 300w\" sizes=\"(max-width: 380px) 100vw, 380px\" \/>\t\t\t\t\t\t\t\t\t\t\t\t\t\t\t<\/div>\n\t\t\t\t<\/div>\n\t\t\t\t<div class=\"elementor-element elementor-element-100b77c exad-sticky-section-no exad-glass-effect-no elementor-widget elementor-widget-heading\" data-id=\"100b77c\" data-element_type=\"widget\" data-e-type=\"widget\" data-widget_type=\"heading.default\">\n\t\t\t\t<div class=\"elementor-widget-container\">\n\t\t\t\t\t<h5 class=\"elementor-heading-title elementor-size-default\">Graafiline disain<\/h5>\t\t\t\t<\/div>\n\t\t\t\t<\/div>\n\t\t\t\t<div class=\"elementor-element elementor-element-38307ad exad-sticky-section-no exad-glass-effect-no elementor-widget elementor-widget-text-editor\" data-id=\"38307ad\" data-element_type=\"widget\" data-e-type=\"widget\" data-widget_type=\"text-editor.default\">\n\t\t\t\t<div class=\"elementor-widget-container\">\n\t\t\t\t\t\t\t\t\t<p>Graafiline disain on visuaalse kommunikatsiooni vorm, mis \u00fchendab kunsti ja tehnoloogia, et edastada s\u00f5numeid ja ideid. Kasutades elemente nagu v\u00e4rvid, kujundid, tekst ja pildid, loob graafiline disain esteetilisi ja funktsionaalseid lahendusi tr\u00fcki-, digitaalse ja reklaamimeedia jaoks, aidates br\u00e4ndidel ja ettev\u00f5tetel oma s\u00f5numit visuaalselt t\u00f5husalt esitada.<\/p>\t\t\t\t\t\t\t\t<\/div>\n\t\t\t\t<\/div>\n\t\t\t\t<\/div>\n\t\t<div class=\"elementor-element elementor-element-c6534cd e-con-full e-flex e-con e-child\" data-id=\"c6534cd\" data-element_type=\"container\" data-e-type=\"container\">\n\t\t\t\t<div class=\"elementor-element elementor-element-fdb8b31 exad-sticky-section-no exad-glass-effect-no elementor-widget elementor-widget-image\" data-id=\"fdb8b31\" data-element_type=\"widget\" data-e-type=\"widget\" data-widget_type=\"image.default\">\n\t\t\t\t<div class=\"elementor-widget-container\">\n\t\t\t\t\t\t\t\t\t\t\t\t\t\t\t<img decoding=\"async\" width=\"380\" height=\"254\" src=\"https:\/\/interspace.ee\/wordpress\/wp-content\/uploads\/2024\/10\/Foto_teenus2.jpg\" class=\"attachment-full size-full wp-image-1354\" alt=\"\" srcset=\"https:\/\/interspace.ee\/wordpress\/wp-content\/uploads\/2024\/10\/Foto_teenus2.jpg 380w, https:\/\/interspace.ee\/wordpress\/wp-content\/uploads\/2024\/10\/Foto_teenus2-300x201.jpg 300w\" sizes=\"(max-width: 380px) 100vw, 380px\" \/>\t\t\t\t\t\t\t\t\t\t\t\t\t\t\t<\/div>\n\t\t\t\t<\/div>\n\t\t\t\t<div class=\"elementor-element elementor-element-a859e92 exad-sticky-section-no exad-glass-effect-no elementor-widget elementor-widget-heading\" data-id=\"a859e92\" data-element_type=\"widget\" data-e-type=\"widget\" data-widget_type=\"heading.default\">\n\t\t\t\t<div class=\"elementor-widget-container\">\n\t\t\t\t\t<h5 class=\"elementor-heading-title elementor-size-default\">Ehete disain<\/h5>\t\t\t\t<\/div>\n\t\t\t\t<\/div>\n\t\t\t\t<div class=\"elementor-element elementor-element-d8fea51 exad-sticky-section-no exad-glass-effect-no elementor-widget elementor-widget-text-editor\" data-id=\"d8fea51\" data-element_type=\"widget\" data-e-type=\"widget\" data-widget_type=\"text-editor.default\">\n\t\t\t\t<div class=\"elementor-widget-container\">\n\t\t\t\t\t\t\t\t\t<p>Ehete disain on loov protsess, kus kombineeritakse esteetika ja k\u00e4sit\u00f6\u00f6oskused, et luua unikaalseid ja kandmisk\u00f5lblikke kunstiteoseid. Kasutades materjale nagu v\u00e4\u00e4rismetallid, kivid ja muud materjalid, keskendub ehte disain vormi, tekstuuri ja funktsiooni tasakaalustamisele, pakkudes kandjale nii esteetilist naudingut kui ka isikup\u00e4rast stiili.<\/p>\t\t\t\t\t\t\t\t<\/div>\n\t\t\t\t<\/div>\n\t\t\t\t<\/div>\n\t\t<div class=\"elementor-element elementor-element-f61c23c e-con-full e-flex e-con e-child\" data-id=\"f61c23c\" data-element_type=\"container\" data-e-type=\"container\">\n\t\t\t\t<div class=\"elementor-element elementor-element-94a033e exad-sticky-section-no exad-glass-effect-no elementor-widget elementor-widget-image\" data-id=\"94a033e\" data-element_type=\"widget\" data-e-type=\"widget\" data-widget_type=\"image.default\">\n\t\t\t\t<div class=\"elementor-widget-container\">\n\t\t\t\t\t\t\t\t\t\t\t\t\t\t\t<img decoding=\"async\" width=\"380\" height=\"254\" src=\"https:\/\/interspace.ee\/wordpress\/wp-content\/uploads\/2024\/10\/Foto_teenus3.jpg\" class=\"attachment-full size-full wp-image-1358\" alt=\"\" srcset=\"https:\/\/interspace.ee\/wordpress\/wp-content\/uploads\/2024\/10\/Foto_teenus3.jpg 380w, https:\/\/interspace.ee\/wordpress\/wp-content\/uploads\/2024\/10\/Foto_teenus3-300x201.jpg 300w\" sizes=\"(max-width: 380px) 100vw, 380px\" \/>\t\t\t\t\t\t\t\t\t\t\t\t\t\t\t<\/div>\n\t\t\t\t<\/div>\n\t\t\t\t<div class=\"elementor-element elementor-element-3ba0e62 exad-sticky-section-no exad-glass-effect-no elementor-widget elementor-widget-heading\" data-id=\"3ba0e62\" data-element_type=\"widget\" data-e-type=\"widget\" data-widget_type=\"heading.default\">\n\t\t\t\t<div class=\"elementor-widget-container\">\n\t\t\t\t\t<h5 class=\"elementor-heading-title elementor-size-default\">Tr\u00fckiettevalmistus<\/h5>\t\t\t\t<\/div>\n\t\t\t\t<\/div>\n\t\t\t\t<div class=\"elementor-element elementor-element-f4be8de exad-sticky-section-no exad-glass-effect-no elementor-widget elementor-widget-text-editor\" data-id=\"f4be8de\" data-element_type=\"widget\" data-e-type=\"widget\" data-widget_type=\"text-editor.default\">\n\t\t\t\t<div class=\"elementor-widget-container\">\n\t\t\t\t\t\t\t\t\t<p>Tr\u00fckiettevalmistus on protsess, mille k\u00e4igus graafilised disainilahendused ja muud materjalid vormistatakse tr\u00fckik\u00f5lblikuks. See h\u00f5lmab kujunduste tehnilist korrigeerimist, v\u00e4rvihaldust, failide optimeerimist ja sobitamist tr\u00fckimeetodiga, et tagada k\u00f5rge kvaliteediga l\u00f5pptulemus. Tr\u00fckiettevalmistuse eesm\u00e4rk on tagada, et disainid ja tekstid prinditakse t\u00e4pselt ja vastavalt algsele visioonile.<\/p>\t\t\t\t\t\t\t\t<\/div>\n\t\t\t\t<\/div>\n\t\t\t\t<\/div>\n\t\t<div class=\"elementor-element elementor-element-c472a5b e-con-full e-flex e-con e-child\" data-id=\"c472a5b\" data-element_type=\"container\" data-e-type=\"container\">\n\t\t\t\t<div class=\"elementor-element elementor-element-77759b9 exad-sticky-section-no exad-glass-effect-no elementor-widget elementor-widget-image\" data-id=\"77759b9\" data-element_type=\"widget\" data-e-type=\"widget\" data-widget_type=\"image.default\">\n\t\t\t\t<div class=\"elementor-widget-container\">\n\t\t\t\t\t\t\t\t\t\t\t\t\t\t\t<img loading=\"lazy\" decoding=\"async\" width=\"380\" height=\"254\" src=\"https:\/\/interspace.ee\/wordpress\/wp-content\/uploads\/2024\/10\/Foto_teenus4.jpg\" class=\"attachment-full size-full wp-image-1360\" alt=\"\" srcset=\"https:\/\/interspace.ee\/wordpress\/wp-content\/uploads\/2024\/10\/Foto_teenus4.jpg 380w, https:\/\/interspace.ee\/wordpress\/wp-content\/uploads\/2024\/10\/Foto_teenus4-300x201.jpg 300w\" sizes=\"(max-width: 380px) 100vw, 380px\" \/>\t\t\t\t\t\t\t\t\t\t\t\t\t\t\t<\/div>\n\t\t\t\t<\/div>\n\t\t\t\t<div class=\"elementor-element elementor-element-b2d8913 exad-sticky-section-no exad-glass-effect-no elementor-widget elementor-widget-heading\" data-id=\"b2d8913\" data-element_type=\"widget\" data-e-type=\"widget\" data-widget_type=\"heading.default\">\n\t\t\t\t<div class=\"elementor-widget-container\">\n\t\t\t\t\t<h5 class=\"elementor-heading-title elementor-size-default\">Veebilehtede loomine<\/h5>\t\t\t\t<\/div>\n\t\t\t\t<\/div>\n\t\t\t\t<div class=\"elementor-element elementor-element-8020267 exad-sticky-section-no exad-glass-effect-no elementor-widget elementor-widget-text-editor\" data-id=\"8020267\" data-element_type=\"widget\" data-e-type=\"widget\" data-widget_type=\"text-editor.default\">\n\t\t\t\t<div class=\"elementor-widget-container\">\n\t\t\t\t\t\t\t\t\t<p>Veebilehtede loomine mikroettev\u00f5tetele WordPressi platvormil pakub taskukohaseid ja kohandatavaid lahendusi, mis on lihtsad hallata ja arendada. WordPress v\u00f5imaldab luua professionaalse ja mobiilis\u00f5braliku veebilehe, mis vastab v\u00e4ikeettev\u00f5tte vajadustele, pakkudes v\u00f5imalust br\u00e4ndi tutvustamiseks ja n\u00e4htavuse suurendamiseks. Platvormi paindlikkus ja lai valik lisafunktsioone teevad sellest ideaalse valiku, et kiiresti ja t\u00f5husalt luua veebileht, mis toetab ettev\u00f5tte kasvu ja kliendibaasi laiendamist.<\/p>\t\t\t\t\t\t\t\t<\/div>\n\t\t\t\t<\/div>\n\t\t\t\t<\/div>\n\t\t\t\t<\/div>\n\t\t\t\t<\/div>\n\t\t\t\t<\/div>\n\t\t\t\t<\/div>\n\t\t\t\t\t<\/div>\n\t\t\t\t<\/div>\n\t\t<div class=\"elementor-element elementor-element-6b4c661 e-con-full e-flex e-con e-parent\" data-id=\"6b4c661\" data-element_type=\"container\" data-e-type=\"container\" data-settings=\"{&quot;background_background&quot;:&quot;classic&quot;}\">\n\t\t\t\t<\/div>\n\t\t\t\t<\/div>\n\t\t","protected":false},"excerpt":{"rendered":"<p>Teenused Kirjuta meile info@interspace.ee Graafiline disain Graafiline disain on visuaalse kommunikatsiooni vorm, mis \u00fchendab kunsti ja tehnoloogia, et edastada s\u00f5numeid ja ideid. Kasutades elemente nagu v\u00e4rvid, kujundid, tekst ja pildid, loob graafiline disain esteetilisi ja funktsionaalseid lahendusi tr\u00fcki-, digitaalse ja reklaamimeedia jaoks, aidates br\u00e4ndidel ja ettev\u00f5tetel oma s\u00f5numit visuaalselt t\u00f5husalt esitada. Ehete disain Ehete disain [&hellip;]<\/p>\n","protected":false},"author":1,"featured_media":0,"parent":0,"menu_order":0,"comment_status":"closed","ping_status":"closed","template":"","meta":{"site-sidebar-layout":"default","site-content-layout":"page-builder","ast-site-content-layout":"full-width-container","site-content-style":"unboxed","site-sidebar-style":"unboxed","ast-global-header-display":"","ast-banner-title-visibility":"","ast-main-header-display":"","ast-hfb-above-header-display":"","ast-hfb-below-header-display":"","ast-hfb-mobile-header-display":"","site-post-title":"disabled","ast-breadcrumbs-content":"","ast-featured-img":"disabled","footer-sml-layout":"","ast-disable-related-posts":"","theme-transparent-header-meta":"enabled","adv-header-id-meta":"","stick-header-meta":"","header-above-stick-meta":"","header-main-stick-meta":"","header-below-stick-meta":"","astra-migrate-meta-layouts":"set","ast-page-background-enabled":"default","ast-page-background-meta":{"desktop":{"background-color":"","background-image":"","background-repeat":"repeat","background-position":"center center","background-size":"auto","background-attachment":"scroll","background-type":"","background-media":"","overlay-type":"","overlay-color":"","overlay-opacity":"","overlay-gradient":""},"tablet":{"background-color":"","background-image":"","background-repeat":"repeat","background-position":"center center","background-size":"auto","background-attachment":"scroll","background-type":"","background-media":"","overlay-type":"","overlay-color":"","overlay-opacity":"","overlay-gradient":""},"mobile":{"background-color":"","background-image":"","background-repeat":"repeat","background-position":"center center","background-size":"auto","background-attachment":"scroll","background-type":"","background-media":"","overlay-type":"","overlay-color":"","overlay-opacity":"","overlay-gradient":""}},"ast-content-background-meta":{"desktop":{"background-color":"var(--ast-global-color-5)","background-image":"","background-repeat":"repeat","background-position":"center center","background-size":"auto","background-attachment":"scroll","background-type":"","background-media":"","overlay-type":"","overlay-color":"","overlay-opacity":"","overlay-gradient":""},"tablet":{"background-color":"var(--ast-global-color-5)","background-image":"","background-repeat":"repeat","background-position":"center center","background-size":"auto","background-attachment":"scroll","background-type":"","background-media":"","overlay-type":"","overlay-color":"","overlay-opacity":"","overlay-gradient":""},"mobile":{"background-color":"var(--ast-global-color-5)","background-image":"","background-repeat":"repeat","background-position":"center center","background-size":"auto","background-attachment":"scroll","background-type":"","background-media":"","overlay-type":"","overlay-color":"","overlay-opacity":"","overlay-gradient":""}},"footnotes":""},"class_list":["post-1289","page","type-page","status-publish","hentry"],"_links":{"self":[{"href":"https:\/\/interspace.ee\/wordpress\/wp-json\/wp\/v2\/pages\/1289","targetHints":{"allow":["GET"]}}],"collection":[{"href":"https:\/\/interspace.ee\/wordpress\/wp-json\/wp\/v2\/pages"}],"about":[{"href":"https:\/\/interspace.ee\/wordpress\/wp-json\/wp\/v2\/types\/page"}],"author":[{"embeddable":true,"href":"https:\/\/interspace.ee\/wordpress\/wp-json\/wp\/v2\/users\/1"}],"replies":[{"embeddable":true,"href":"https:\/\/interspace.ee\/wordpress\/wp-json\/wp\/v2\/comments?post=1289"}],"version-history":[{"count":29,"href":"https:\/\/interspace.ee\/wordpress\/wp-json\/wp\/v2\/pages\/1289\/revisions"}],"predecessor-version":[{"id":1561,"href":"https:\/\/interspace.ee\/wordpress\/wp-json\/wp\/v2\/pages\/1289\/revisions\/1561"}],"wp:attachment":[{"href":"https:\/\/interspace.ee\/wordpress\/wp-json\/wp\/v2\/media?parent=1289"}],"curies":[{"name":"wp","href":"https:\/\/api.w.org\/{rel}","templated":true}]}}